{"id":982,"date":"2024-08-14T07:59:13","date_gmt":"2024-08-14T07:59:13","guid":{"rendered":"https:\/\/gostilna-doro.si\/ueber-uns\/"},"modified":"2025-07-18T07:52:13","modified_gmt":"2025-07-18T07:52:13","slug":"ueber-uns","status":"publish","type":"page","link":"https:\/\/gostilna-doro.si\/de\/ueber-uns\/","title":{"rendered":"\u00dcber uns"},"content":{"rendered":"\t\t<div data-elementor-type=\"wp-page\" data-elementor-id=\"982\" class=\"elementor elementor-982 elementor-145\">\n\t\t\t\t\t\t<section class=\"elementor-section elementor-top-section elementor-element elementor-element-7b9bbaf7 elementor-section-height-min-height elementor-section-boxed elementor-section-height-default elementor-section-items-middle\" data-id=\"7b9bbaf7\" data-element_type=\"section\" data-settings=\"{&quot;background_background&quot;:&quot;classic&quot;}\">\n\t\t\t\t\t\t\t<div class=\"elementor-background-overlay\"><\/div>\n\t\t\t\t\t\t\t<div class=\"elementor-container elementor-column-gap-no\">\n\t\t\t\t\t<div class=\"elementor-column elementor-col-100 elementor-top-column elementor-element elementor-element-780cfa38\" data-id=\"780cfa38\" data-element_type=\"column\" data-settings=\"{&quot;background_background&quot;:&quot;classic&quot;}\">\n\t\t\t<div class=\"elementor-widget-wrap elementor-element-populated\">\n\t\t\t\t\t\t<div class=\"elementor-element elementor-element-ad946a8 elementor-widget elementor-widget-heading\" data-id=\"ad946a8\" data-element_type=\"widget\" data-widget_type=\"heading.default\">\n\t\t\t\t<div class=\"elementor-widget-container\">\n\t\t\t\t\t<h1 class=\"elementor-heading-title elementor-size-default\">\u00dcber uns<\/h1>\t\t\t\t<\/div>\n\t\t\t\t<\/div>\n\t\t\t\t\t<\/div>\n\t\t<\/div>\n\t\t\t\t\t<\/div>\n\t\t<\/section>\n\t\t\t\t<section class=\"elementor-section elementor-top-section elementor-element elementor-element-6e2d32d1 elementor-section-boxed elementor-section-height-default elementor-section-height-default\" data-id=\"6e2d32d1\" data-element_type=\"section\" data-settings=\"{&quot;background_background&quot;:&quot;classic&quot;}\">\n\t\t\t\t\t\t<div class=\"elementor-container elementor-column-gap-no\">\n\t\t\t\t\t<div class=\"elementor-column elementor-col-100 elementor-top-column elementor-element elementor-element-1fa48819\" data-id=\"1fa48819\" data-element_type=\"column\">\n\t\t\t<div class=\"elementor-widget-wrap elementor-element-populated\">\n\t\t\t\t\t\t<div class=\"elementor-element elementor-element-21b67fd8 elementor-widget elementor-widget-spacer\" data-id=\"21b67fd8\" data-element_type=\"widget\" data-widget_type=\"spacer.default\">\n\t\t\t\t<div class=\"elementor-widget-container\">\n\t\t\t\t\t\t\t<div class=\"elementor-spacer\">\n\t\t\t<div class=\"elementor-spacer-inner\"><\/div>\n\t\t<\/div>\n\t\t\t\t\t\t<\/div>\n\t\t\t\t<\/div>\n\t\t\t\t\t<\/div>\n\t\t<\/div>\n\t\t\t\t\t<\/div>\n\t\t<\/section>\n\t\t\t\t<section class=\"elementor-section elementor-top-section elementor-element elementor-element-e8b5cfe elementor-section-content-middle elementor-reverse-tablet elementor-reverse-mobile elementor-section-boxed elementor-section-height-default elementor-section-height-default\" data-id=\"e8b5cfe\" data-element_type=\"section\" data-settings=\"{&quot;background_background&quot;:&quot;classic&quot;}\">\n\t\t\t\t\t\t<div class=\"elementor-container elementor-column-gap-no\">\n\t\t\t\t\t<div class=\"elementor-column elementor-col-50 elementor-top-column elementor-element elementor-element-75cb224a\" data-id=\"75cb224a\" data-element_type=\"column\">\n\t\t\t<div class=\"elementor-widget-wrap elementor-element-populated\">\n\t\t\t\t\t\t<section class=\"elementor-section elementor-inner-section elementor-element elementor-element-4bf0d0e elementor-section-boxed elementor-section-height-default elementor-section-height-default\" data-id=\"4bf0d0e\" data-element_type=\"section\">\n\t\t\t\t\t\t<div class=\"elementor-container elementor-column-gap-no\">\n\t\t\t\t\t<div class=\"elementor-column elementor-col-100 elementor-inner-column elementor-element elementor-element-59d640d9\" data-id=\"59d640d9\" data-element_type=\"column\" data-settings=\"{&quot;background_background&quot;:&quot;classic&quot;}\">\n\t\t\t<div class=\"elementor-widget-wrap elementor-element-populated\">\n\t\t\t\t\t<div class=\"elementor-background-overlay\"><\/div>\n\t\t\t\t\t\t<div class=\"elementor-element elementor-element-1ccf1c5f elementor-widget elementor-widget-spacer\" data-id=\"1ccf1c5f\" data-element_type=\"widget\" data-widget_type=\"spacer.default\">\n\t\t\t\t<div class=\"elementor-widget-container\">\n\t\t\t\t\t\t\t<div class=\"elementor-spacer\">\n\t\t\t<div class=\"elementor-spacer-inner\"><\/div>\n\t\t<\/div>\n\t\t\t\t\t\t<\/div>\n\t\t\t\t<\/div>\n\t\t\t\t<div class=\"elementor-element elementor-element-3073ac16 elementor-widget elementor-widget-spacer\" data-id=\"3073ac16\" data-element_type=\"widget\" data-widget_type=\"spacer.default\">\n\t\t\t\t<div class=\"elementor-widget-container\">\n\t\t\t\t\t\t\t<div class=\"elementor-spacer\">\n\t\t\t<div class=\"elementor-spacer-inner\"><\/div>\n\t\t<\/div>\n\t\t\t\t\t\t<\/div>\n\t\t\t\t<\/div>\n\t\t\t\t\t<\/div>\n\t\t<\/div>\n\t\t\t\t\t<\/div>\n\t\t<\/section>\n\t\t\t\t\t<\/div>\n\t\t<\/div>\n\t\t\t\t<div class=\"elementor-column elementor-col-50 elementor-top-column elementor-element elementor-element-9c7a8ed\" data-id=\"9c7a8ed\" data-element_type=\"column\">\n\t\t\t<div class=\"elementor-widget-wrap elementor-element-populated\">\n\t\t\t\t\t\t<div class=\"elementor-element elementor-element-1ab6a164 elementor-widget elementor-widget-heading\" data-id=\"1ab6a164\" data-element_type=\"widget\" data-widget_type=\"heading.default\">\n\t\t\t\t<div class=\"elementor-widget-container\">\n\t\t\t\t\t<h5 class=\"elementor-heading-title elementor-size-default\">RESTAURANT DORO, ISOLATION<\/h5>\t\t\t\t<\/div>\n\t\t\t\t<\/div>\n\t\t\t\t<div class=\"elementor-element elementor-element-65fa0c44 elementor-widget elementor-widget-heading\" data-id=\"65fa0c44\" data-element_type=\"widget\" data-widget_type=\"heading.default\">\n\t\t\t\t<div class=\"elementor-widget-container\">\n\t\t\t\t\t<h2 class=\"elementor-heading-title elementor-size-default\">Lokales Restaurant mit langer Tradition<\/h2>\t\t\t\t<\/div>\n\t\t\t\t<\/div>\n\t\t\t\t<div class=\"elementor-element elementor-element-7300ada3 elementor-widget elementor-widget-image\" data-id=\"7300ada3\" data-element_type=\"widget\" data-widget_type=\"image.default\">\n\t\t\t\t<div class=\"elementor-widget-container\">\n\t\t\t\t\t\t\t\t\t\t\t\t\t\t\t<img decoding=\"async\" width=\"212\" height=\"24\" src=\"https:\/\/gostilna-doro.si\/wp-content\/uploads\/2024\/08\/resta-img20.png\" class=\"attachment-medium size-medium wp-image-693\" alt=\"\" \/>\t\t\t\t\t\t\t\t\t\t\t\t\t\t\t<\/div>\n\t\t\t\t<\/div>\n\t\t\t\t<div class=\"elementor-element elementor-element-5f2d0027 elementor-widget elementor-widget-text-editor\" data-id=\"5f2d0027\" data-element_type=\"widget\" data-widget_type=\"text-editor.default\">\n\t\t\t\t<div class=\"elementor-widget-container\">\n\t\t\t\t\t\t\t\t\t<p>Willkommen im <strong>Gostilna Doro<\/strong>, einem lokalen Gasthaus mit langer Tradition, das seine G\u00e4ste seit mehr als 60 Jahren mit authentischen Aromen und einer freundlichen Atmosph\u00e4re verw\u00f6hnt. Im malerischen Izola gelegen, bieten wir Ihnen ein abwechslungsreiches <strong>Dauerangebot an<\/strong> k\u00f6stlichen Gerichten, von hausgemachten Snacks und Mittagsgerichten bis hin zu hervorragenden Grillspezialit\u00e4ten, die auch die anspruchsvollsten Feinschmecker zufriedenstellen. <\/p>\t\t\t\t\t\t\t\t<\/div>\n\t\t\t\t<\/div>\n\t\t\t\t<div class=\"elementor-element elementor-element-5cbfe59 elementor-widget__width-initial elementor-widget elementor-widget-text-editor\" data-id=\"5cbfe59\" data-element_type=\"widget\" data-widget_type=\"text-editor.default\">\n\t\t\t\t<div class=\"elementor-widget-container\">\n\t\t\t\t\t\t\t\t\t<p>Neben den Tagesgerichten haben wir uns auf das <strong>Catering<\/strong> spezialisiert und sorgen daf\u00fcr, dass Ihre Veranstaltung, egal wie gro\u00df sie ist, mit unseren hausgemachten Spezialit\u00e4ten reichhaltig versorgt wird. Unser <strong>Grillangebot<\/strong> ist eine beliebte Wahl f\u00fcr Sommerfeste, Gesch\u00e4ftstreffen und Familienfeiern. <\/p>\t\t\t\t\t\t\t\t<\/div>\n\t\t\t\t<\/div>\n\t\t\t\t<div class=\"elementor-element elementor-element-6e8dc5da elementor-widget__width-auto elementor-widget elementor-widget-elementskit-heading\" data-id=\"6e8dc5da\" data-element_type=\"widget\" data-widget_type=\"elementskit-heading.default\">\n\t\t\t\t<div class=\"elementor-widget-container\">\n\t\t\t\t\t<div class=\"ekit-wid-con\" ><div class=\"ekit-heading elementskit-section-title-wraper text_center   ekit_heading_tablet-   ekit_heading_mobile-\"><h2 class=\"ekit-heading--title elementskit-section-title \">60+<\/h2><h3 class=\"ekit-heading--subtitle elementskit-section-subtitle  \">\n\t\t\t\t\t\tLET\n\t\t\t\t\t<\/h3>\t\t\t\t<div class='ekit-heading__description'>\n\t\t\t\t\t<p>TRADITIONEN<\/p>\n\t\t\t\t<\/div>\n\t\t\t<\/div><\/div>\t\t\t\t<\/div>\n\t\t\t\t<\/div>\n\t\t\t\t\t<\/div>\n\t\t<\/div>\n\t\t\t\t\t<\/div>\n\t\t<\/section>\n\t\t\t\t<section class=\"elementor-section elementor-top-section elementor-element elementor-element-103957d3 elementor-section-boxed elementor-section-height-default elementor-section-height-default\" data-id=\"103957d3\" data-element_type=\"section\" data-settings=\"{&quot;background_background&quot;:&quot;classic&quot;}\">\n\t\t\t\t\t\t<div class=\"elementor-container elementor-column-gap-no\">\n\t\t\t\t\t<div class=\"elementor-column elementor-col-100 elementor-top-column elementor-element elementor-element-379f8014\" data-id=\"379f8014\" data-element_type=\"column\">\n\t\t\t<div class=\"elementor-widget-wrap elementor-element-populated\">\n\t\t\t\t\t\t<div class=\"elementor-element elementor-element-3ac909e8 elementor-widget elementor-widget-spacer\" data-id=\"3ac909e8\" data-element_type=\"widget\" data-widget_type=\"spacer.default\">\n\t\t\t\t<div class=\"elementor-widget-container\">\n\t\t\t\t\t\t\t<div class=\"elementor-spacer\">\n\t\t\t<div class=\"elementor-spacer-inner\"><\/div>\n\t\t<\/div>\n\t\t\t\t\t\t<\/div>\n\t\t\t\t<\/div>\n\t\t\t\t\t<\/div>\n\t\t<\/div>\n\t\t\t\t\t<\/div>\n\t\t<\/section>\n\t\t\t\t<section class=\"elementor-section elementor-top-section elementor-element elementor-element-494ff4b0 elementor-section-boxed elementor-section-height-default elementor-section-height-default\" data-id=\"494ff4b0\" data-element_type=\"section\" data-settings=\"{&quot;background_background&quot;:&quot;classic&quot;}\">\n\t\t\t\t\t\t\t<div class=\"elementor-background-overlay\"><\/div>\n\t\t\t\t\t\t\t<div class=\"elementor-container elementor-column-gap-no\">\n\t\t\t\t\t<div class=\"elementor-column elementor-col-100 elementor-top-column elementor-element elementor-element-28f63fa\" data-id=\"28f63fa\" data-element_type=\"column\">\n\t\t\t<div class=\"elementor-widget-wrap elementor-element-populated\">\n\t\t\t\t\t\t<div class=\"elementor-element elementor-element-1f816b62 elementor-widget elementor-widget-heading\" data-id=\"1f816b62\" data-element_type=\"widget\" data-widget_type=\"heading.default\">\n\t\t\t\t<div class=\"elementor-widget-container\">\n\t\t\t\t\t<h5 class=\"elementor-heading-title elementor-size-default\">UNS BESUCHEN<\/h5>\t\t\t\t<\/div>\n\t\t\t\t<\/div>\n\t\t\t\t<div class=\"elementor-element elementor-element-4bbba670 elementor-widget elementor-widget-heading\" data-id=\"4bbba670\" data-element_type=\"widget\" data-widget_type=\"heading.default\">\n\t\t\t\t<div class=\"elementor-widget-container\">\n\t\t\t\t\t<h2 class=\"elementor-heading-title elementor-size-default\">Warum uns w\u00e4hlen<\/h2>\t\t\t\t<\/div>\n\t\t\t\t<\/div>\n\t\t\t\t<div class=\"elementor-element elementor-element-d5f06e7 elementor-widget elementor-widget-image\" data-id=\"d5f06e7\" data-element_type=\"widget\" data-widget_type=\"image.default\">\n\t\t\t\t<div class=\"elementor-widget-container\">\n\t\t\t\t\t\t\t\t\t\t\t\t\t\t\t<img decoding=\"async\" width=\"212\" height=\"24\" src=\"https:\/\/gostilna-doro.si\/wp-content\/uploads\/2024\/08\/resta-img20.png\" class=\"attachment-medium size-medium wp-image-693\" alt=\"\" \/>\t\t\t\t\t\t\t\t\t\t\t\t\t\t\t<\/div>\n\t\t\t\t<\/div>\n\t\t\t\t<div class=\"elementor-element elementor-element-6ff20c1c elementor-widget elementor-widget-text-editor\" data-id=\"6ff20c1c\" data-element_type=\"widget\" data-widget_type=\"text-editor.default\">\n\t\t\t\t<div class=\"elementor-widget-container\">\n\t\t\t\t\t\t\t\t\t<p>In den warmen Monaten k\u00f6nnen Sie unseren <strong>Sommergarten<\/strong> genie\u00dfen, der angenehmen Schatten und eine entspannende Atmosph\u00e4re bietet. Hier finden Sie einen Ort, an dem Sie sich bei gutem Essen entspannen k\u00f6nnen, w\u00e4hrend die Kinder in einer sicheren Umgebung sorglos spielen. <\/p><p>Das Doro Inn ist mehr als nur ein Restaurant &#8211; es ist ein Ort, an dem Tradition auf Gastfreundschaft, Gem\u00fctlichkeit und feine K\u00fcche trifft. Kommen Sie zu uns und werden Sie Teil unserer Geschichte! <\/p>\t\t\t\t\t\t\t\t<\/div>\n\t\t\t\t<\/div>\n\t\t\t\t\t<\/div>\n\t\t<\/div>\n\t\t\t\t\t<\/div>\n\t\t<\/section>\n\t\t<div class=\"elementor-element elementor-element-f3a3991 e-con-full e-flex e-con e-child\" data-id=\"f3a3991\" data-element_type=\"container\">\n\t\t\t\t<div class=\"elementor-element elementor-element-bbfc160 elementor-widget elementor-widget-heading\" data-id=\"bbfc160\" data-element_type=\"widget\" data-widget_type=\"heading.default\">\n\t\t\t\t<div class=\"elementor-widget-container\">\n\t\t\t\t\t<h5 class=\"elementor-heading-title elementor-size-default\">Lassen Sie uns in Kontakt treten<\/h5>\t\t\t\t<\/div>\n\t\t\t\t<\/div>\n\t\t\t\t<div class=\"elementor-element elementor-element-7a940a6 elementor-widget elementor-widget-heading\" data-id=\"7a940a6\" data-element_type=\"widget\" data-widget_type=\"heading.default\">\n\t\t\t\t<div class=\"elementor-widget-container\">\n\t\t\t\t\t<h2 class=\"elementor-heading-title elementor-size-default\">Haben Sie eine Frage? Kontaktieren Sie uns noch heute! <\/h2>\t\t\t\t<\/div>\n\t\t\t\t<\/div>\n\t\t\t\t<div class=\"elementor-element elementor-element-27a3abc elementor-widget elementor-widget-image\" data-id=\"27a3abc\" data-element_type=\"widget\" data-widget_type=\"image.default\">\n\t\t\t\t<div class=\"elementor-widget-container\">\n\t\t\t\t\t\t\t\t\t\t\t\t\t\t\t<img decoding=\"async\" width=\"212\" height=\"24\" src=\"https:\/\/gostilna-doro.si\/wp-content\/uploads\/2024\/08\/resta-img20.png\" class=\"attachment-medium size-medium wp-image-693\" alt=\"\" \/>\t\t\t\t\t\t\t\t\t\t\t\t\t\t\t<\/div>\n\t\t\t\t<\/div>\n\t\t\t\t<div class=\"elementor-element elementor-element-004d02b elementor-widget elementor-widget-text-editor\" data-id=\"004d02b\" data-element_type=\"widget\" data-widget_type=\"text-editor.default\">\n\t\t\t\t<div class=\"elementor-widget-container\">\n\t\t\t\t\t\t\t\t\t<p>Setzen Sie sich mit uns in Verbindung und lassen Sie uns Ihnen helfen, ein unvergessliches kulinarisches Erlebnis zu schaffen! Kontaktieren Sie uns f\u00fcr weitere Informationen oder um eine Bestellung aufzugeben <\/p>\t\t\t\t\t\t\t\t<\/div>\n\t\t\t\t<\/div>\n\t\t\t\t<div class=\"elementor-element elementor-element-0d97a05 elementor-align-center elementor-widget elementor-widget-button\" data-id=\"0d97a05\" data-element_type=\"widget\" data-widget_type=\"button.default\">\n\t\t\t\t<div class=\"elementor-widget-container\">\n\t\t\t\t\t\t\t\t\t<div class=\"elementor-button-wrapper\">\n\t\t\t\t\t<a class=\"elementor-button elementor-button-link elementor-size-sm\" href=\"https:\/\/gostilna-doro.si\/de\/kontakt\/\">\n\t\t\t\t\t\t<span class=\"elementor-button-content-wrapper\">\n\t\t\t\t\t\t\t\t\t<span class=\"elementor-button-text\">KONTAKT<\/span>\n\t\t\t\t\t<\/span>\n\t\t\t\t\t<\/a>\n\t\t\t\t<\/div>\n\t\t\t\t\t\t\t\t<\/div>\n\t\t\t\t<\/div>\n\t\t\t\t<\/div>\n\t\t\t\t<\/div>\n\t\t","protected":false},"excerpt":{"rendered":"<p>\u00dcber uns RESTAURANT DORO, ISOLATION Lokales Restaurant mit langer Tradition Willkommen im Gostilna Doro, einem lokalen Gasthaus mit langer Tradition, das seine G\u00e4ste seit mehr als 60 Jahren mit authentischen Aromen und einer freundlichen Atmosph\u00e4re verw\u00f6hnt. Im malerischen Izola gelegen, bieten wir Ihnen ein abwechslungsreiches Dauerangebot an k\u00f6stlichen Gerichten, von hausgemachten Snacks und Mittagsgerichten bis [&hellip;]<\/p>\n","protected":false},"author":1,"featured_media":0,"parent":0,"menu_order":0,"comment_status":"closed","ping_status":"closed","template":"","meta":{"footnotes":""},"class_list":["post-982","page","type-page","status-publish","hentry"],"_links":{"self":[{"href":"https:\/\/gostilna-doro.si\/de\/wp-json\/wp\/v2\/pages\/982","targetHints":{"allow":["GET"]}}],"collection":[{"href":"https:\/\/gostilna-doro.si\/de\/wp-json\/wp\/v2\/pages"}],"about":[{"href":"https:\/\/gostilna-doro.si\/de\/wp-json\/wp\/v2\/types\/page"}],"author":[{"embeddable":true,"href":"https:\/\/gostilna-doro.si\/de\/wp-json\/wp\/v2\/users\/1"}],"replies":[{"embeddable":true,"href":"https:\/\/gostilna-doro.si\/de\/wp-json\/wp\/v2\/comments?post=982"}],"version-history":[{"count":1,"href":"https:\/\/gostilna-doro.si\/de\/wp-json\/wp\/v2\/pages\/982\/revisions"}],"predecessor-version":[{"id":983,"href":"https:\/\/gostilna-doro.si\/de\/wp-json\/wp\/v2\/pages\/982\/revisions\/983"}],"wp:attachment":[{"href":"https:\/\/gostilna-doro.si\/de\/wp-json\/wp\/v2\/media?parent=982"}],"curies":[{"name":"wp","href":"https:\/\/api.w.org\/{rel}","templated":true}]}}